{"id":34,"date":"2014-01-15T11:30:55","date_gmt":"2014-01-15T10:30:55","guid":{"rendered":"http:\/\/www.schramm-baumschule.de\/?page_id=34"},"modified":"2019-04-01T07:56:02","modified_gmt":"2019-04-01T06:56:02","slug":"wer-sind-wir","status":"publish","type":"page","link":"https:\/\/www.schramm-baumschule.de\/?page_id=34","title":{"rendered":"Wir sind &#8230;"},"content":{"rendered":"<h2>Wir sind &#8230;<\/h2>\n<div class=\"row clearfix\">\n<div class=\"box two \">\n<a href=\"http:\/\/www.ronermusic.de\/wordpress5\/wp-content\/uploads\/2014\/01\/Moni-150x150.jpg\"><img loading=\"lazy\" decoding=\"async\" class=\"alignnone size-full wp-image-85\" src=\"http:\/\/www.ronermusic.de\/wordpress5\/wp-content\/uploads\/2014\/01\/Moni-150x150.jpg\" alt=\"\" width=\"150\" height=\"150\" \/><\/a><\/p>\n<h3>Monika Schramm<\/h3>\n<h3><a href=\"http:\/\/www.ronermusic.de\/wordpress5\/wp-content\/uploads\/2014\/01\/IMG_0980-150x150.jpg\"><img loading=\"lazy\" decoding=\"async\" class=\"alignnone size-full wp-image-86\" src=\"http:\/\/www.ronermusic.de\/wordpress5\/wp-content\/uploads\/2014\/01\/IMG_0980-150x150.jpg\" alt=\"\" width=\"150\" height=\"150\" \/><\/a><\/h3>\n<h3>Roland Schramm<\/h3>\n<p>Dipl.-Ing.(FH) Gartenbau<\/p>\n<h3><\/div><\/h3>\n<div class=\"box two \">\n<h6>Die Baumschule wurde 2010 auf einer Althofstelle (ehemaliges landw. Anwesen) gegr\u00fcndet.<\/h6>\n<h6>Wir sind beide gelernte G\u00e4rtner im Fachbereich Baumschule und k\u00f6nnen gemeinsam auf \u00fcber 75 Jahre Berufserfahrung zur\u00fcckblicken.<\/h6>\n<h6>Monika ist \u00fcberwiegend mit den Kulturarbeiten und dem Pflanzenverkauf befasst. Roland\u2019s Aufgabenbereich erstreckt sich auch auf Beratung im Kundengarten und auf die Mithilfe beim Verwirklichen Ihrer Gartentr\u00e4ume.<\/h6>\n<h6>Bei uns finden Sie Obstgeh\u00f6lze, B\u00e4ume, Str\u00e4ucher, Stauden, Gr\u00e4ser, Rosen und vieles mehr.<\/h6>\n<\/div>\n<\/div>\n<h6><\/h6>\n","protected":false},"excerpt":{"rendered":"<p>Wir sind &#8230;<\/p>\n","protected":false},"author":2,"featured_media":0,"parent":0,"menu_order":0,"comment_status":"closed","ping_status":"closed","template":"","meta":{"footnotes":""},"class_list":["post-34","page","type-page","status-publish","hentry"],"_links":{"self":[{"href":"https:\/\/www.schramm-baumschule.de\/index.php?rest_route=\/wp\/v2\/pages\/34","targetHints":{"allow":["GET"]}}],"collection":[{"href":"https:\/\/www.schramm-baumschule.de\/index.php?rest_route=\/wp\/v2\/pages"}],"about":[{"href":"https:\/\/www.schramm-baumschule.de\/index.php?rest_route=\/wp\/v2\/types\/page"}],"author":[{"embeddable":true,"href":"https:\/\/www.schramm-baumschule.de\/index.php?rest_route=\/wp\/v2\/users\/2"}],"replies":[{"embeddable":true,"href":"https:\/\/www.schramm-baumschule.de\/index.php?rest_route=%2Fwp%2Fv2%2Fcomments&post=34"}],"version-history":[{"count":39,"href":"https:\/\/www.schramm-baumschule.de\/index.php?rest_route=\/wp\/v2\/pages\/34\/revisions"}],"predecessor-version":[{"id":755,"href":"https:\/\/www.schramm-baumschule.de\/index.php?rest_route=\/wp\/v2\/pages\/34\/revisions\/755"}],"wp:attachment":[{"href":"https:\/\/www.schramm-baumschule.de\/index.php?rest_route=%2Fwp%2Fv2%2Fmedia&parent=34"}],"curies":[{"name":"wp","href":"https:\/\/api.w.org\/{rel}","templated":true}]}}